{"id":7,"date":"2018-04-12T16:31:12","date_gmt":"2018-04-12T14:31:12","guid":{"rendered":"http:\/\/www.visuel95.fr\/?page_id=7"},"modified":"2020-04-24T11:45:35","modified_gmt":"2020-04-24T09:45:35","slug":"accueil","status":"publish","type":"page","link":"https:\/\/www.visuel95.fr\/index.php\/accueil\/","title":{"rendered":"Accueil"},"content":{"rendered":"<p>Bienvenue sur notre nouveau site&nbsp;!<\/p>\n<p>Nous sommes actuellement en reconstruction !<\/p>\n<p>Le<strong>&nbsp;march\u00e9 de la communication<\/strong>&nbsp;est un march\u00e9 m\u00e9connu du grand public. Pourtant la&nbsp;<strong>publicit\u00e9 par l\u2019objet<\/strong>&nbsp;tient une place importante dans le paysage fran\u00e7ais.<\/p>\n<p>Une&nbsp;<strong>cl\u00e9 USB,<\/strong>&nbsp;un&nbsp;<strong>stylo<\/strong>, un&nbsp;<strong>porte-cl\u00e9s<\/strong>, un&nbsp;<strong>mug<\/strong>. Du plus basique au plus insolite, l\u2019<strong>objet publicitaire<\/strong>&nbsp;inonde depuis des ann\u00e9es notre vie de consommateur. Outil marketing peu co\u00fbteux, il peut pourtant se r\u00e9v\u00e9ler terriblement efficace pour se d\u00e9marquer de ses concurrents, fid\u00e9liser, voire acqu\u00e9rir de nouveaux clients\u2026<\/p>\n<p><strong>86 %&nbsp;<\/strong>des gens se souviennent de la marque de par l\u2019utilit\u00e9 de l\u2019objet re\u00e7u et l\u2019associent \u00e0 une marque.<\/p>\n<p><strong>89 %<\/strong>&nbsp;des Fran\u00e7ais appr\u00e9cient de recevoir un&nbsp;<strong>objet publicitaire<\/strong>&nbsp;lors d\u2019un \u00e9v\u00e9nement commercial, culturel ou sportif.<\/p>\n<p><strong>94 %<\/strong>&nbsp;des Fran\u00e7ais appr\u00e9cient de recevoir un&nbsp;<strong>cadeau d\u2019entreprise<\/strong>&nbsp;provenant de leur marque pour les remercier de leur fid\u00e9lit\u00e9 ou les r\u00e9compenser.<\/p>\n<p><strong>99 %<\/strong>&nbsp;conservent les objets re\u00e7us pour eux-m\u00eames ou bien pour une tierce personne. La communication par l\u2019objet (<strong>goodies<\/strong>) est le support m\u00e9dia qui offre le meilleur retour sur investissement.<\/p>\n","protected":false},"excerpt":{"rendered":"<p>Bienvenue sur notre nouveau site&nbsp;! Nous sommes actuellement en reconstruction ! Le&nbsp;march\u00e9 de la communication&nbsp;est un march\u00e9 m\u00e9connu du grand public. Pourtant la&nbsp;publicit\u00e9 par l\u2019objet&nbsp;tient une place importante dans le paysage fran\u00e7ais. Une&nbsp;cl\u00e9 USB,&nbsp;un&nbsp;stylo, un&nbsp;porte-cl\u00e9s, un&nbsp;mug. Du plus basique au plus insolite, l\u2019objet publicitaire&nbsp;inonde depuis des ann\u00e9es notre vie de consommateur. Outil marketing peu co\u00fbteux, &hellip; <\/p>\n<p class=\"link-more\"><a href=\"https:\/\/www.visuel95.fr\/index.php\/accueil\/\" class=\"more-link\">Continuer la lecture<span class=\"screen-reader-text\"> de &laquo;&nbsp;Accueil&nbsp;&raquo;<\/span><\/a><\/p>\n","protected":false},"author":1,"featured_media":0,"parent":0,"menu_order":1,"comment_status":"closed","ping_status":"closed","template":"","meta":{"footnotes":""},"_links":{"self":[{"href":"https:\/\/www.visuel95.fr\/index.php\/wp-json\/wp\/v2\/pages\/7"}],"collection":[{"href":"https:\/\/www.visuel95.fr\/index.php\/wp-json\/wp\/v2\/pages"}],"about":[{"href":"https:\/\/www.visuel95.fr\/index.php\/wp-json\/wp\/v2\/types\/page"}],"author":[{"embeddable":true,"href":"https:\/\/www.visuel95.fr\/index.php\/wp-json\/wp\/v2\/users\/1"}],"replies":[{"embeddable":true,"href":"https:\/\/www.visuel95.fr\/index.php\/wp-json\/wp\/v2\/comments?post=7"}],"version-history":[{"count":10,"href":"https:\/\/www.visuel95.fr\/index.php\/wp-json\/wp\/v2\/pages\/7\/revisions"}],"predecessor-version":[{"id":200,"href":"https:\/\/www.visuel95.fr\/index.php\/wp-json\/wp\/v2\/pages\/7\/revisions\/200"}],"wp:attachment":[{"href":"https:\/\/www.visuel95.fr\/index.php\/wp-json\/wp\/v2\/media?parent=7"}],"curies":[{"name":"wp","href":"https:\/\/api.w.org\/{rel}","templated":true}]}}